{"id":10,"date":"2025-08-28T13:27:36","date_gmt":"2025-08-28T13:27:36","guid":{"rendered":"https:\/\/ebpenglish.com\/?page_id=10"},"modified":"2025-09-24T20:44:12","modified_gmt":"2025-09-24T20:44:12","slug":"accueil","status":"publish","type":"page","link":"https:\/\/ebpenglish.com\/","title":{"rendered":"Accueil"},"content":{"rendered":"\t\t<div data-elementor-type=\"wp-page\" data-elementor-id=\"10\" class=\"elementor elementor-10\">\n\t\t\t\t<div class=\"elementor-element elementor-element-912511a e-flex e-con-boxed e-con e-parent\" data-id=\"912511a\" data-element_type=\"container\">\n\t\t\t\t\t<div class=\"e-con-inner\">\n\t\t\t\t<div class=\"elementor-element elementor-element-d3ff183 elementor-widget elementor-widget-heading\" data-id=\"d3ff183\" data-element_type=\"widget\" data-widget_type=\"heading.default\">\n\t\t\t\t\t<h1 class=\"elementor-heading-title elementor-size-default\">Anglais intensif avec EBP English School<\/h1>\t\t\t\t<\/div>\n\t\t\t\t\t<\/div>\n\t\t\t\t<\/div>\n\t\t<div class=\"elementor-element elementor-element-c41faf1 e-flex e-con-boxed e-con e-parent\" data-id=\"c41faf1\" data-element_type=\"container\">\n\t\t\t\t\t<div class=\"e-con-inner\">\n\t\t\t\t<div class=\"elementor-element elementor-element-c1d5275 elementor-widget elementor-widget-heading\" data-id=\"c1d5275\" data-element_type=\"widget\" data-widget_type=\"heading.default\">\n\t\t\t\t\t<p class=\"elementor-heading-title elementor-size-default\"> EBP English School\u00ae est une \u00e9cole internationale d\u00e9di\u00e9e \u00e0 l'enseignement intensif de l'anglais.\n\nNotre M\u00e9thode d'enseignement \"Education By Practice\" (EBP) permet \u00e0 nos \u00e9l\u00e8ves de progresser tr\u00e8s rapidement.\n\nNotre \u00e9cole accueille un large public jeunes, \u00e9tudiants et adultes sur nos campus de Paris, Londres, New York et Montr\u00e9al. <\/p>\t\t\t\t<\/div>\n\t\t\t\t\t<\/div>\n\t\t\t\t<\/div>\n\t\t<div class=\"elementor-element elementor-element-cfa1266 e-grid e-con-boxed e-con e-parent\" data-id=\"cfa1266\" data-element_type=\"container\">\n\t\t\t\t\t<div class=\"e-con-inner\">\n\t\t\t\t<div class=\"elementor-element elementor-element-453ec1d elementor-widget elementor-widget-heading\" data-id=\"453ec1d\" data-element_type=\"widget\" data-widget_type=\"heading.default\">\n\t\t\t\t\t<h2 class=\"elementor-heading-title elementor-size-default\">Stages Intensifs d'Anglais 2025 - Brochure Officielle\u200b<\/h2>\t\t\t\t<\/div>\n\t\t\t\t<div class=\"elementor-element elementor-element-ac51f52 elementor-widget elementor-widget-heading\" data-id=\"ac51f52\" data-element_type=\"widget\" data-widget_type=\"heading.default\">\n\t\t\t\t\t<p class=\"elementor-heading-title elementor-size-default\">Boostez votre anglais avec les stages intensifs EBP English School\u00ae : TOEIC, concours, anglais g\u00e9n\u00e9ral ou sessions d\u2019\u00e9t\u00e9. Des formations courtes, efficaces et immersives \u00e0 Paris et Londres, en petits groupes pour maximiser vos progr\u00e8s.<\/p>\t\t\t\t<\/div>\n\t\t\t\t<div class=\"elementor-element elementor-element-e1e152f elementor-align-center elementor-widget elementor-widget-button\" data-id=\"e1e152f\" data-element_type=\"widget\" data-widget_type=\"button.default\">\n\t\t\t\t\t\t\t\t\t\t<a class=\"elementor-button elementor-button-link elementor-size-sm\" href=\"http:\/\/ebpenglish.com\/wp-content\/uploads\/2025\/09\/EBP-English-School-Brochure-1.pdf\" target=\"_blank\">\n\t\t\t\t\t\t<span class=\"elementor-button-content-wrapper\">\n\t\t\t\t\t\t\t\t\t<span class=\"elementor-button-text\">Brochure Gratuite<\/span>\n\t\t\t\t\t<\/span>\n\t\t\t\t\t<\/a>\n\t\t\t\t\t\t\t\t<\/div>\n\t\t\t\t\t<\/div>\n\t\t\t\t<\/div>\n\t\t<div class=\"elementor-element elementor-element-1c9861d e-flex e-con-boxed e-con e-parent\" data-id=\"1c9861d\" data-element_type=\"container\">\n\t\t\t\t\t<div class=\"e-con-inner\">\n\t\t<div class=\"elementor-element elementor-element-f8203fa e-con-full e-flex e-con e-child\" data-id=\"f8203fa\" data-element_type=\"container\">\n\t\t\t\t<div class=\"elementor-element elementor-element-04bbaac elementor-widget elementor-widget-image\" data-id=\"04bbaac\" data-element_type=\"widget\" data-widget_type=\"image.default\">\n\t\t\t\t\t\t\t\t\t\t\t\t\t\t\t\t<a href=\"http:\/\/ebpenglish.com\/wp-content\/uploads\/2025\/09\/EBP-English-School-Brochure-1.pdf\" target=\"_blank\">\n\t\t\t\t\t\t\t<img fetchpriority=\"high\" decoding=\"async\" width=\"768\" height=\"366\" src=\"https:\/\/ebpenglish.com\/wp-content\/uploads\/2025\/09\/20250518-Photo-header-onglet-toeic-Copie-768x366.png\" class=\"attachment-medium_large size-medium_large wp-image-272\" alt=\"Pr\u00e9paration TOEIC\" srcset=\"https:\/\/ebpenglish.com\/wp-content\/uploads\/2025\/09\/20250518-Photo-header-onglet-toeic-Copie-768x366.png 768w, https:\/\/ebpenglish.com\/wp-content\/uploads\/2025\/09\/20250518-Photo-header-onglet-toeic-Copie-300x143.png 300w, https:\/\/ebpenglish.com\/wp-content\/uploads\/2025\/09\/20250518-Photo-header-onglet-toeic-Copie-1024x488.png 1024w, https:\/\/ebpenglish.com\/wp-content\/uploads\/2025\/09\/20250518-Photo-header-onglet-toeic-Copie-1536x731.png 1536w, https:\/\/ebpenglish.com\/wp-content\/uploads\/2025\/09\/20250518-Photo-header-onglet-toeic-Copie.png 2048w\" sizes=\"(max-width: 768px) 100vw, 768px\" \/>\t\t\t\t\t\t\t\t<\/a>\n\t\t\t\t\t\t\t\t\t\t\t\t\t\t\t<\/div>\n\t\t\t\t<div class=\"elementor-element elementor-element-d82fa96 elementor-widget elementor-widget-heading\" data-id=\"d82fa96\" data-element_type=\"widget\" data-widget_type=\"heading.default\">\n\t\t\t\t\t<p class=\"elementor-heading-title elementor-size-default\">R\u00e9ussissez votre TOEIC en 4 jours.\nUn programme structur\u00e9 pour booster rapidement votre score TOEIC<\/p>\t\t\t\t<\/div>\n\t\t\t\t<\/div>\n\t\t<div class=\"elementor-element elementor-element-f0880f4 e-con-full e-flex e-con e-child\" data-id=\"f0880f4\" data-element_type=\"container\">\n\t\t\t\t<div class=\"elementor-element elementor-element-118c2ad elementor-widget elementor-widget-image\" data-id=\"118c2ad\" data-element_type=\"widget\" data-widget_type=\"image.default\">\n\t\t\t\t\t\t\t\t\t\t\t\t\t\t\t\t<a href=\"http:\/\/ebpenglish.com\/wp-content\/uploads\/2025\/09\/EBP-English-School-Brochure-1.pdf\" target=\"_blank\">\n\t\t\t\t\t\t\t<img decoding=\"async\" width=\"768\" height=\"366\" src=\"https:\/\/ebpenglish.com\/wp-content\/uploads\/2025\/09\/prepa-concours-1-768x366.png\" class=\"attachment-medium_large size-medium_large wp-image-279\" alt=\"pr\u00e9paration concours\" srcset=\"https:\/\/ebpenglish.com\/wp-content\/uploads\/2025\/09\/prepa-concours-1-768x366.png 768w, https:\/\/ebpenglish.com\/wp-content\/uploads\/2025\/09\/prepa-concours-1-300x143.png 300w, https:\/\/ebpenglish.com\/wp-content\/uploads\/2025\/09\/prepa-concours-1-1024x488.png 1024w, https:\/\/ebpenglish.com\/wp-content\/uploads\/2025\/09\/prepa-concours-1-1536x731.png 1536w, https:\/\/ebpenglish.com\/wp-content\/uploads\/2025\/09\/prepa-concours-1.png 2048w\" sizes=\"(max-width: 768px) 100vw, 768px\" \/>\t\t\t\t\t\t\t\t<\/a>\n\t\t\t\t\t\t\t\t\t\t\t\t\t\t\t<\/div>\n\t\t<div class=\"elementor-element elementor-element-638c96c e-con-full e-flex e-con e-child\" data-id=\"638c96c\" data-element_type=\"container\">\n\t\t\t\t<div class=\"elementor-element elementor-element-0f65785 elementor-widget elementor-widget-heading\" data-id=\"0f65785\" data-element_type=\"widget\" data-widget_type=\"heading.default\">\n\t\t\t\t\t<p class=\"elementor-heading-title elementor-size-default\">R\u00e9ussissez les \u00e9preuves d\u2019anglais et des concours.\nUn accompagnement rigoureux en pr\u00e9paration concours<\/p>\t\t\t\t<\/div>\n\t\t\t\t<\/div>\n\t\t\t\t<\/div>\n\t\t\t\t\t<\/div>\n\t\t\t\t<\/div>\n\t\t<div class=\"elementor-element elementor-element-475298f e-flex e-con-boxed e-con e-parent\" data-id=\"475298f\" data-element_type=\"container\">\n\t\t\t\t\t<div class=\"e-con-inner\">\n\t\t<div class=\"elementor-element elementor-element-4888ec8 e-con-full e-flex e-con e-child\" data-id=\"4888ec8\" data-element_type=\"container\">\n\t\t\t\t<div class=\"elementor-element elementor-element-1f830a0 elementor-widget elementor-widget-image\" data-id=\"1f830a0\" data-element_type=\"widget\" data-widget_type=\"image.default\">\n\t\t\t\t\t\t\t\t\t\t\t\t\t\t\t\t<a href=\"http:\/\/ebpenglish.com\/wp-content\/uploads\/2025\/09\/EBP-English-School-Brochure-1.pdf\" target=\"_blank\">\n\t\t\t\t\t\t\t<img decoding=\"async\" width=\"768\" height=\"366\" src=\"https:\/\/ebpenglish.com\/wp-content\/uploads\/2025\/09\/general-english-1-768x366.png\" class=\"attachment-medium_large size-medium_large wp-image-306\" alt=\"Anglais g\u00e9n\u00e9ral\" srcset=\"https:\/\/ebpenglish.com\/wp-content\/uploads\/2025\/09\/general-english-1-768x366.png 768w, https:\/\/ebpenglish.com\/wp-content\/uploads\/2025\/09\/general-english-1-300x143.png 300w, https:\/\/ebpenglish.com\/wp-content\/uploads\/2025\/09\/general-english-1-1024x488.png 1024w, https:\/\/ebpenglish.com\/wp-content\/uploads\/2025\/09\/general-english-1-1536x731.png 1536w, https:\/\/ebpenglish.com\/wp-content\/uploads\/2025\/09\/general-english-1.png 2048w\" sizes=\"(max-width: 768px) 100vw, 768px\" \/>\t\t\t\t\t\t\t\t<\/a>\n\t\t\t\t\t\t\t\t\t\t\t\t\t\t\t<\/div>\n\t\t\t\t<div class=\"elementor-element elementor-element-4aa096e elementor-widget elementor-widget-heading\" data-id=\"4aa096e\" data-element_type=\"widget\" data-widget_type=\"heading.default\">\n\t\t\t\t\t<p class=\"elementor-heading-title elementor-size-default\">Stage intensif de 4 jours en anglais g\u00e9n\u00e9ral \u00e0 Londres : pratique orale et \u00e9crite, immersion culturelle et accompagnement personnalis\u00e9 pour progresser rapidement avec EBP English School.<\/p>\t\t\t\t<\/div>\n\t\t\t\t<\/div>\n\t\t<div class=\"elementor-element elementor-element-195a025 e-con-full e-flex e-con e-child\" data-id=\"195a025\" data-element_type=\"container\">\n\t\t\t\t<div class=\"elementor-element elementor-element-812e0e7 elementor-widget elementor-widget-image\" data-id=\"812e0e7\" data-element_type=\"widget\" data-widget_type=\"image.default\">\n\t\t\t\t\t\t\t\t\t\t\t\t\t\t\t\t<a href=\"http:\/\/ebpenglish.com\/wp-content\/uploads\/2025\/09\/EBP-English-School-Brochure-1.pdf\" target=\"_blank\">\n\t\t\t\t\t\t\t<img loading=\"lazy\" decoding=\"async\" width=\"768\" height=\"366\" src=\"https:\/\/ebpenglish.com\/wp-content\/uploads\/2025\/09\/cours-intensifs-768x366.png\" class=\"attachment-medium_large size-medium_large wp-image-311\" alt=\"cours intensifs\" srcset=\"https:\/\/ebpenglish.com\/wp-content\/uploads\/2025\/09\/cours-intensifs-768x366.png 768w, https:\/\/ebpenglish.com\/wp-content\/uploads\/2025\/09\/cours-intensifs-300x143.png 300w, https:\/\/ebpenglish.com\/wp-content\/uploads\/2025\/09\/cours-intensifs-1024x488.png 1024w, https:\/\/ebpenglish.com\/wp-content\/uploads\/2025\/09\/cours-intensifs-1536x731.png 1536w, https:\/\/ebpenglish.com\/wp-content\/uploads\/2025\/09\/cours-intensifs.png 2048w\" sizes=\"(max-width: 768px) 100vw, 768px\" \/>\t\t\t\t\t\t\t\t<\/a>\n\t\t\t\t\t\t\t\t\t\t\t\t\t\t\t<\/div>\n\t\t\t\t<div class=\"elementor-element elementor-element-5283bff elementor-widget elementor-widget-heading\" data-id=\"5283bff\" data-element_type=\"widget\" data-widget_type=\"heading.default\">\n\t\t\t\t\t<p class=\"elementor-heading-title elementor-size-default\">Pratique orale et \u00e9crite, exercices interactifs et accompagnement personnalis\u00e9 pour progresser rapidement avec EBP English School.\nStages en petits groupes, pour apprendre dans une ambiance conviviale et motivante.<\/p>\t\t\t\t<\/div>\n\t\t\t\t<\/div>\n\t\t\t\t\t<\/div>\n\t\t\t\t<\/div>\n\t\t<div class=\"elementor-element elementor-element-10ffa06 e-flex e-con-boxed e-con e-parent\" data-id=\"10ffa06\" data-element_type=\"container\">\n\t\t\t\t\t<div class=\"e-con-inner\">\n\t\t\t\t<div class=\"elementor-element elementor-element-e077417 elementor-widget elementor-widget-heading\" data-id=\"e077417\" data-element_type=\"widget\" data-widget_type=\"heading.default\">\n\t\t\t\t\t<p class=\"elementor-heading-title elementor-size-default\">Am\u00e9liorez votre anglais d\u00e8s maintenant : testez votre niveau et trouvez le cours qui vous correspond ! Remplissez simplement notre formulaire de contact.<\/p>\t\t\t\t<\/div>\n\t\t\t\t\t<\/div>\n\t\t\t\t<\/div>\n\t\t<div class=\"elementor-element elementor-element-9e7bbe8 e-flex e-con-boxed e-con e-parent\" data-id=\"9e7bbe8\" data-element_type=\"container\">\n\t\t\t\t\t<div class=\"e-con-inner\">\n\t\t\t\t<div class=\"elementor-element elementor-element-6c6bd3f elementor-align-center elementor-widget elementor-widget-button\" data-id=\"6c6bd3f\" data-element_type=\"widget\" data-widget_type=\"button.default\">\n\t\t\t\t\t\t\t\t\t\t<a class=\"elementor-button elementor-button-link elementor-size-sm\" href=\"https:\/\/ebpenglish.com\/index.php\/contact\/\">\n\t\t\t\t\t\t<span class=\"elementor-button-content-wrapper\">\n\t\t\t\t\t\t\t\t\t<span class=\"elementor-button-text\">Contactez nous<\/span>\n\t\t\t\t\t<\/span>\n\t\t\t\t\t<\/a>\n\t\t\t\t\t\t\t\t<\/div>\n\t\t\t\t\t<\/div>\n\t\t\t\t<\/div>\n\t\t<div class=\"elementor-element elementor-element-96c2fd8 e-grid e-con-boxed e-con e-parent\" data-id=\"96c2fd8\" data-element_type=\"container\">\n\t\t\t\t\t<div class=\"e-con-inner\">\n\t\t\t\t<div class=\"elementor-element elementor-element-5799756 elementor-widget elementor-widget-heading\" data-id=\"5799756\" data-element_type=\"widget\" data-widget_type=\"heading.default\">\n\t\t\t\t\t<h2 class=\"elementor-heading-title elementor-size-default\">Nos Campus<\/h2>\t\t\t\t<\/div>\n\t\t\t\t<div class=\"elementor-element elementor-element-8fadba3 elementor-widget__width-inherit elementor-widget elementor-widget-image\" data-id=\"8fadba3\" data-element_type=\"widget\" data-widget_type=\"image.default\">\n\t\t\t\t\t\t\t\t\t\t\t\t\t\t\t<img loading=\"lazy\" decoding=\"async\" width=\"1024\" height=\"102\" src=\"https:\/\/ebpenglish.com\/wp-content\/uploads\/2025\/08\/Home-Page-Bandeau-Campus-1024x102.png\" class=\"attachment-large size-large wp-image-18\" alt=\"Campus\" srcset=\"https:\/\/ebpenglish.com\/wp-content\/uploads\/2025\/08\/Home-Page-Bandeau-Campus-1024x102.png 1024w, https:\/\/ebpenglish.com\/wp-content\/uploads\/2025\/08\/Home-Page-Bandeau-Campus-300x30.png 300w, https:\/\/ebpenglish.com\/wp-content\/uploads\/2025\/08\/Home-Page-Bandeau-Campus-768x77.png 768w, https:\/\/ebpenglish.com\/wp-content\/uploads\/2025\/08\/Home-Page-Bandeau-Campus-1536x154.png 1536w, https:\/\/ebpenglish.com\/wp-content\/uploads\/2025\/08\/Home-Page-Bandeau-Campus-2048x205.png 2048w\" sizes=\"(max-width: 1024px) 100vw, 1024px\" \/>\t\t\t\t\t\t\t\t\t\t\t\t\t\t\t<\/div>\n\t\t\t\t<div class=\"elementor-element elementor-element-e2820c5 elementor-widget elementor-widget-heading\" data-id=\"e2820c5\" data-element_type=\"widget\" data-widget_type=\"heading.default\">\n\t\t\t\t\t<p class=\"elementor-heading-title elementor-size-default\">Nos campus sont actuellement situ\u00e9s \u00e0 Paris et \u00e0 Londres. Deux nouvelles implantations ouvriront leurs portes \u00e0 New York et \u00e0 Montr\u00e9al en janvier 2026.<\/p>\t\t\t\t<\/div>\n\t\t\t\t\t<\/div>\n\t\t\t\t<\/div>\n\t\t\t\t<\/div>\n\t\t","protected":false},"excerpt":{"rendered":"<p>Anglais intensif avec EBP English School EBP English School\u00ae est une \u00e9cole internationale d\u00e9di\u00e9e \u00e0 l&#8217;enseignement intensif de l&#8217;anglais. Notre M\u00e9thode d&#8217;enseignement &#8220;Education By Practice&#8221; (EBP) permet \u00e0 nos \u00e9l\u00e8ves de progresser tr\u00e8s rapidement. Notre \u00e9cole accueille un large public jeunes, \u00e9tudiants et adultes sur nos campus de Paris, Londres, New York et Montr\u00e9al. Stages&#8230;<\/p>\n","protected":false},"author":1,"featured_media":0,"parent":0,"menu_order":0,"comment_status":"closed","ping_status":"closed","template":"elementor_header_footer","meta":{"_kadence_starter_templates_imported_post":false,"_kad_post_transparent":"","_kad_post_title":"","_kad_post_layout":"","_kad_post_sidebar_id":"","_kad_post_content_style":"","_kad_post_vertical_padding":"","_kad_post_feature":"","_kad_post_feature_position":"","_kad_post_header":false,"_kad_post_footer":false,"footnotes":""},"class_list":["post-10","page","type-page","status-publish","hentry"],"_links":{"self":[{"href":"https:\/\/ebpenglish.com\/index.php\/wp-json\/wp\/v2\/pages\/10","targetHints":{"allow":["GET"]}}],"collection":[{"href":"https:\/\/ebpenglish.com\/index.php\/wp-json\/wp\/v2\/pages"}],"about":[{"href":"https:\/\/ebpenglish.com\/index.php\/wp-json\/wp\/v2\/types\/page"}],"author":[{"embeddable":true,"href":"https:\/\/ebpenglish.com\/index.php\/wp-json\/wp\/v2\/users\/1"}],"replies":[{"embeddable":true,"href":"https:\/\/ebpenglish.com\/index.php\/wp-json\/wp\/v2\/comments?post=10"}],"version-history":[{"count":145,"href":"https:\/\/ebpenglish.com\/index.php\/wp-json\/wp\/v2\/pages\/10\/revisions"}],"predecessor-version":[{"id":497,"href":"https:\/\/ebpenglish.com\/index.php\/wp-json\/wp\/v2\/pages\/10\/revisions\/497"}],"wp:attachment":[{"href":"https:\/\/ebpenglish.com\/index.php\/wp-json\/wp\/v2\/media?parent=10"}],"curies":[{"name":"wp","href":"https:\/\/api.w.org\/{rel}","templated":true}]}}